{"id":11,"date":"2025-07-28T14:46:02","date_gmt":"2025-07-28T12:46:02","guid":{"rendered":"https:\/\/limpiezasegasl.com\/?page_id=11"},"modified":"2025-08-14T13:04:52","modified_gmt":"2025-08-14T11:04:52","slug":"politica-de-privacidad","status":"publish","type":"page","link":"https:\/\/limpiezasegasl.com\/en\/politica-de-privacidad\/","title":{"rendered":"Pol\u00edtica de privacidad"},"content":{"rendered":"<h2 class=\"wp-block-heading\">Pol\u00edtica de Privacidad<\/h2>\n\n\n\n<p><strong>Responsable del tratamiento<\/strong><br>Limpiezas Industriales Ega, S.L.<br>CIF: B71015465<br>Domicilio social: Avenida de los Tilos, n\u00ba 16, Pol\u00edgono San Miguel, 31132 Villatuerta (Navarra)<br>Tel\u00e9fono: 948 556 000<br>Correo electr\u00f3nico: <a>limpiezasmaca@yahoo.es<\/a><\/p>\n\n\n\n<p><strong>Finalidad del tratamiento<\/strong><br>Los datos personales que se recaban a trav\u00e9s del formulario de contacto se utilizan \u00fanicamente para:<\/p>\n\n\n\n<ul class=\"wp-block-list\">\n<li>Atender consultas, solicitudes de informaci\u00f3n o presupuestos.<\/li>\n\n\n\n<li>Mantener comunicaci\u00f3n directa con los usuarios interesados en nuestros servicios.<\/li>\n<\/ul>\n\n\n\n<p><strong>Legitimaci\u00f3n<\/strong><br>La base legal para el tratamiento de sus datos es el consentimiento del usuario al completar el formulario de contacto y enviar su informaci\u00f3n.<\/p>\n\n\n\n<p><strong>Destinatarios<\/strong><br>Los datos no se ceder\u00e1n a terceros, salvo obligaci\u00f3n legal.<\/p>\n\n\n\n<p><strong>Plazo de conservaci\u00f3n<\/strong><br>Los datos se conservar\u00e1n mientras exista inter\u00e9s en mantener la relaci\u00f3n y durante los plazos legales aplicables para obligaciones fiscales y contables.<\/p>\n\n\n\n<p><strong>Derechos de los usuarios<\/strong><br>Los usuarios pueden ejercer en cualquier momento sus derechos de acceso, rectificaci\u00f3n, supresi\u00f3n, oposici\u00f3n, limitaci\u00f3n y portabilidad de sus datos enviando una solicitud por escrito a <strong><a>limpiezasmaca@yahoo.es<\/a><\/strong>, incluyendo copia de su DNI u otro documento identificativo.<\/p>\n\n\n\n<p><strong>Medidas de seguridad<\/strong><br>Limpiezas EGA garantiza la confidencialidad y seguridad de los datos mediante medidas t\u00e9cnicas y organizativas apropiadas para prevenir su alteraci\u00f3n, p\u00e9rdida, tratamiento o acceso no autorizado.<\/p>\n\n\n\n<p><strong>Uso de herramientas externas<\/strong><br>La web utiliza \u00fanicamente <strong>Google Search Console<\/strong> para an\u00e1lisis t\u00e9cnico y de rendimiento, sin recopilar datos personales de manera adicional.<\/p>\n\n\n\n<p><strong>Cambios en la pol\u00edtica de privacidad<\/strong><br>Limpiezas EGA se reserva el derecho de actualizar esta pol\u00edtica de privacidad en funci\u00f3n de cambios legales, t\u00e9cnicos o de servicios. Cualquier modificaci\u00f3n ser\u00e1 publicada en esta p\u00e1gina.<\/p>\n\n\n\n<div style=\"height:139px\" aria-hidden=\"true\" class=\"wp-block-spacer\"><\/div>","protected":false},"excerpt":{"rendered":"<p>Pol\u00edtica de Privacidad Responsable del tratamientoLimpiezas Industriales Ega, S.L.CIF: B71015465Domicilio social: Avenida de los Tilos, n\u00ba 16, Pol\u00edgono San Miguel, 31132 Villatuerta (Navarra)Tel\u00e9fono: 948 556 000Correo electr\u00f3nico: limpiezasmaca@yahoo.es Finalidad del tratamientoLos datos personales que se recaban a trav\u00e9s del formulario de contacto se utilizan \u00fanicamente para: Legitimaci\u00f3nLa base legal para el tratamiento de sus datos [&hellip;]<\/p>","protected":false},"author":1,"featured_media":0,"parent":0,"menu_order":0,"comment_status":"closed","ping_status":"closed","template":"","meta":{"footnotes":""},"class_list":["post-11","page","type-page","status-publish","hentry"],"_links":{"self":[{"href":"https:\/\/limpiezasegasl.com\/en\/wp-json\/wp\/v2\/pages\/11","targetHints":{"allow":["GET"]}}],"collection":[{"href":"https:\/\/limpiezasegasl.com\/en\/wp-json\/wp\/v2\/pages"}],"about":[{"href":"https:\/\/limpiezasegasl.com\/en\/wp-json\/wp\/v2\/types\/page"}],"author":[{"embeddable":true,"href":"https:\/\/limpiezasegasl.com\/en\/wp-json\/wp\/v2\/users\/1"}],"replies":[{"embeddable":true,"href":"https:\/\/limpiezasegasl.com\/en\/wp-json\/wp\/v2\/comments?post=11"}],"version-history":[{"count":5,"href":"https:\/\/limpiezasegasl.com\/en\/wp-json\/wp\/v2\/pages\/11\/revisions"}],"predecessor-version":[{"id":604,"href":"https:\/\/limpiezasegasl.com\/en\/wp-json\/wp\/v2\/pages\/11\/revisions\/604"}],"wp:attachment":[{"href":"https:\/\/limpiezasegasl.com\/en\/wp-json\/wp\/v2\/media?parent=11"}],"curies":[{"name":"wp","href":"https:\/\/api.w.org\/{rel}","templated":true}]}}