{"id":12,"date":"2025-07-28T14:46:13","date_gmt":"2025-07-28T12:46:13","guid":{"rendered":"https:\/\/limpiezasegasl.com\/?page_id=12"},"modified":"2025-08-14T13:03:41","modified_gmt":"2025-08-14T11:03:41","slug":"politica-de-cookies","status":"publish","type":"page","link":"https:\/\/limpiezasegasl.com\/en\/politica-de-cookies\/","title":{"rendered":"Pol\u00edtica de cookies"},"content":{"rendered":"<p><strong>\u00bfQu\u00e9 son las cookies?<\/strong><br>Las cookies son archivos que los sitios web env\u00edan al navegador del usuario para almacenar informaci\u00f3n sobre su visita, mejorar la experiencia de navegaci\u00f3n y analizar el uso de la web.<\/p>\n\n\n\n<p><strong>Tipos de cookies que utilizamos<\/strong><br>En Limpiezas EGA solo usamos cookies <strong>estrictamente necesarias y t\u00e9cnicas<\/strong> para el funcionamiento de la web y el an\u00e1lisis de rendimiento mediante <strong>Google Search Console<\/strong>. Estas cookies:<\/p>\n\n\n\n<ul class=\"wp-block-list\">\n<li>No recopilan informaci\u00f3n personal identificable.<\/li>\n\n\n\n<li>Ayudan a supervisar el correcto funcionamiento del sitio y mejorar su rendimiento.<\/li>\n<\/ul>\n\n\n\n<p><strong>Gesti\u00f3n de cookies<\/strong><br>El usuario puede configurar su navegador para rechazar cookies o recibir aviso cuando se env\u00eden. Sin embargo, bloquear las cookies t\u00e9cnicas puede afectar al funcionamiento correcto de la web.<\/p>\n\n\n\n<p><strong>Consentimiento<\/strong><br>Al navegar por la web, el usuario acepta el uso de cookies seg\u00fan esta pol\u00edtica.<\/p>\n\n\n\n<p><strong>Cambios en la pol\u00edtica de cookies<\/strong><br>Limpiezas EGA se reserva el derecho de actualizar esta pol\u00edtica de cookies en funci\u00f3n de cambios legales, t\u00e9cnicos o de herramientas utilizadas. Cualquier modificaci\u00f3n ser\u00e1 publicada en esta p\u00e1gina.<\/p>\n\n\n\n<p><strong>M\u00e1s informaci\u00f3n<\/strong><br>Para m\u00e1s informaci\u00f3n sobre el uso de cookies o sobre c\u00f3mo desactivarlas, puedes visitar la p\u00e1gina oficial de <a>Gu\u00eda de Cookies de la Agencia Espa\u00f1ola de Protecci\u00f3n de Datos<\/a>.<\/p>\n\n\n\n<div style=\"height:141px\" aria-hidden=\"true\" class=\"wp-block-spacer\"><\/div>","protected":false},"excerpt":{"rendered":"<p>\u00bfQu\u00e9 son las cookies?Las cookies son archivos que los sitios web env\u00edan al navegador del usuario para almacenar informaci\u00f3n sobre su visita, mejorar la experiencia de navegaci\u00f3n y analizar el uso de la web. Tipos de cookies que utilizamosEn Limpiezas EGA solo usamos cookies estrictamente necesarias y t\u00e9cnicas para el funcionamiento de la web y [&hellip;]<\/p>","protected":false},"author":1,"featured_media":0,"parent":0,"menu_order":0,"comment_status":"closed","ping_status":"closed","template":"","meta":{"footnotes":""},"class_list":["post-12","page","type-page","status-publish","hentry"],"_links":{"self":[{"href":"https:\/\/limpiezasegasl.com\/en\/wp-json\/wp\/v2\/pages\/12","targetHints":{"allow":["GET"]}}],"collection":[{"href":"https:\/\/limpiezasegasl.com\/en\/wp-json\/wp\/v2\/pages"}],"about":[{"href":"https:\/\/limpiezasegasl.com\/en\/wp-json\/wp\/v2\/types\/page"}],"author":[{"embeddable":true,"href":"https:\/\/limpiezasegasl.com\/en\/wp-json\/wp\/v2\/users\/1"}],"replies":[{"embeddable":true,"href":"https:\/\/limpiezasegasl.com\/en\/wp-json\/wp\/v2\/comments?post=12"}],"version-history":[{"count":4,"href":"https:\/\/limpiezasegasl.com\/en\/wp-json\/wp\/v2\/pages\/12\/revisions"}],"predecessor-version":[{"id":602,"href":"https:\/\/limpiezasegasl.com\/en\/wp-json\/wp\/v2\/pages\/12\/revisions\/602"}],"wp:attachment":[{"href":"https:\/\/limpiezasegasl.com\/en\/wp-json\/wp\/v2\/media?parent=12"}],"curies":[{"name":"wp","href":"https:\/\/api.w.org\/{rel}","templated":true}]}}