{"id":14,"date":"2025-07-28T14:46:32","date_gmt":"2025-07-28T12:46:32","guid":{"rendered":"https:\/\/limpiezasegasl.com\/?page_id=14"},"modified":"2025-09-18T10:20:59","modified_gmt":"2025-09-18T08:20:59","slug":"accesibilidad","status":"publish","type":"page","link":"https:\/\/limpiezasegasl.com\/en\/accesibilidad\/","title":{"rendered":"Accesibilidad"},"content":{"rendered":"<h1 class=\"wp-block-heading\">Declaraci\u00f3n de Accesibilidad<\/h1>\n\n\n\n<p><strong>Fecha de \u00faltima actualizaci\u00f3n:<\/strong> 14 de agosto de 2025<\/p>\n\n\n\n<p><strong>Nombre del sitio web:<\/strong> Limpiezas EGA<br><strong>Dominio:<\/strong> <a class=\"\" href=\"https:\/\/limpiezasegasl.com\/en\/\">www.limpiezasegasl.com<\/a><br><strong>Responsable del sitio:<\/strong> Limpiezas Ega S.L.<br><strong>CIF:<\/strong> B71015465<br><strong>Domicilio social:<\/strong> Avenida de los Tilos, n\u00ba 16, Pol\u00edgono San Miguel, 31132 Villatuerta (Navarra)<br><strong>Correo electr\u00f3nico:<\/strong> <a>limpiezasmaca@yahoo.es<\/a><\/p>\n\n\n\n<h2 class=\"wp-block-heading\">Compromiso de accesibilidad<\/h2>\n\n\n\n<p>Limpiezas EGA se compromete a garantizar que su sitio web sea accesible para todas las personas, incluyendo aquellas con discapacidad, siguiendo las pautas establecidas por la <strong>WCAG 2.1 Nivel AA<\/strong> en la medida de lo posible.<\/p>\n\n\n\n<h2 class=\"wp-block-heading\">Estado de conformidad<\/h2>\n\n\n\n<ul class=\"wp-block-list\">\n<li>El sitio web ha sido dise\u00f1ado teniendo en cuenta criterios de accesibilidad, incluyendo navegaci\u00f3n sencilla, contraste adecuado, y textos alternativos en im\u00e1genes.<\/li>\n\n\n\n<li>Algunas secciones pueden no cumplir plenamente con todos los criterios de accesibilidad debido a limitaciones t\u00e9cnicas de ciertas herramientas utilizadas.<\/li>\n<\/ul>\n\n\n\n<h2 class=\"wp-block-heading\">Medidas para mejorar la accesibilidad<\/h2>\n\n\n\n<ul class=\"wp-block-list\">\n<li>Revisi\u00f3n peri\u00f3dica del sitio para garantizar mejoras continuas en accesibilidad.<\/li>\n\n\n\n<li>Actualizaci\u00f3n de contenidos y dise\u00f1o para cumplir con las normas WCAG 2.1.<\/li>\n\n\n\n<li>Implementaci\u00f3n de buenas pr\u00e1cticas de accesibilidad en formularios, men\u00fas y enlaces.<\/li>\n<\/ul>\n\n\n\n<h2 class=\"wp-block-heading\">Informaci\u00f3n y contacto<\/h2>\n\n\n\n<p>Si encuentra alguna dificultad de accesibilidad en el sitio web, puede contactar con el responsable a trav\u00e9s del correo electr\u00f3nico: <strong><a>limpiezasmaca@yahoo.es<\/a><\/strong>.<\/p>\n\n\n\n<h2 class=\"wp-block-heading\">Excepciones<\/h2>\n\n\n\n<p>Este sitio web hace todo lo posible por ser accesible, pero algunas caracter\u00edsticas pueden no ser totalmente accesibles debido a:<\/p>\n\n\n\n<ul class=\"wp-block-list\">\n<li>Contenido heredado de herramientas externas o plugins.<\/li>\n\n\n\n<li>Elementos multimedia que requieren reproductores espec\u00edficos.<\/li>\n<\/ul>\n\n\n\n<div style=\"height:142px\" aria-hidden=\"true\" class=\"wp-block-spacer\"><\/div>\n\n\n\n<p><\/p>\n\n\n\n<p><\/p>\n\n\n\n<p><\/p>\n\n\n\n<p><\/p>","protected":false},"excerpt":{"rendered":"<p>Declaraci\u00f3n de Accesibilidad Fecha de \u00faltima actualizaci\u00f3n: 14 de agosto de 2025 Nombre del sitio web: Limpiezas EGADominio: www.limpiezasegasl.comResponsable del sitio: Limpiezas Ega S.L.CIF: B71015465Domicilio social: Avenida de los Tilos, n\u00ba 16, Pol\u00edgono San Miguel, 31132 Villatuerta (Navarra)Correo electr\u00f3nico: limpiezasmaca@yahoo.es Compromiso de accesibilidad Limpiezas EGA se compromete a garantizar que su sitio web sea accesible [&hellip;]<\/p>","protected":false},"author":1,"featured_media":0,"parent":0,"menu_order":0,"comment_status":"closed","ping_status":"closed","template":"","meta":{"footnotes":""},"class_list":["post-14","page","type-page","status-publish","hentry"],"_links":{"self":[{"href":"https:\/\/limpiezasegasl.com\/en\/wp-json\/wp\/v2\/pages\/14","targetHints":{"allow":["GET"]}}],"collection":[{"href":"https:\/\/limpiezasegasl.com\/en\/wp-json\/wp\/v2\/pages"}],"about":[{"href":"https:\/\/limpiezasegasl.com\/en\/wp-json\/wp\/v2\/types\/page"}],"author":[{"embeddable":true,"href":"https:\/\/limpiezasegasl.com\/en\/wp-json\/wp\/v2\/users\/1"}],"replies":[{"embeddable":true,"href":"https:\/\/limpiezasegasl.com\/en\/wp-json\/wp\/v2\/comments?post=14"}],"version-history":[{"count":6,"href":"https:\/\/limpiezasegasl.com\/en\/wp-json\/wp\/v2\/pages\/14\/revisions"}],"predecessor-version":[{"id":671,"href":"https:\/\/limpiezasegasl.com\/en\/wp-json\/wp\/v2\/pages\/14\/revisions\/671"}],"wp:attachment":[{"href":"https:\/\/limpiezasegasl.com\/en\/wp-json\/wp\/v2\/media?parent=14"}],"curies":[{"name":"wp","href":"https:\/\/api.w.org\/{rel}","templated":true}]}}